{"id":148,"date":"2022-08-23T10:37:56","date_gmt":"2022-08-23T10:37:56","guid":{"rendered":"https:\/\/theme.madsparrow.me\/most\/?page_id=148"},"modified":"2024-03-15T14:11:57","modified_gmt":"2024-03-15T11:11:57","slug":"blog","status":"publish","type":"page","link":"https:\/\/spsajans.com\/yenidemo\/blog\/","title":{"rendered":"Blog"},"content":{"rendered":"\t\t<div data-elementor-type=\"wp-page\" data-elementor-id=\"148\" class=\"elementor elementor-148\">\n\t\t\t\t\t\t<section class=\"elementor-section elementor-top-section elementor-element elementor-element-0f44892 elementor-section-height-min-height elementor-section-boxed elementor-section-height-default elementor-section-items-middle\" data-id=\"0f44892\" data-element_type=\"section\" data-settings=\"{&quot;background_background&quot;:&quot;classic&quot;}\">\n\t\t\t\t\t\t\t<div class=\"elementor-background-overlay\"><\/div>\n\t\t\t\t\t\t\t<div class=\"elementor-container elementor-column-gap-extended\">\n\t\t\t\t\t<div class=\"elementor-column elementor-col-100 elementor-top-column elementor-element elementor-element-f978a52\" data-id=\"f978a52\" data-element_type=\"column\">\n\t\t\t<div class=\"elementor-widget-wrap elementor-element-populated\">\n\t\t\t\t\t\t<div class=\"elementor-element elementor-element-c6e38a6 elementor-widget elementor-widget-heading\" data-id=\"c6e38a6\" data-element_type=\"widget\" data-widget_type=\"heading.default\">\n\t\t\t\t<div class=\"elementor-widget-container\">\n\t\t\t<style>\/*! elementor - v3.20.0 - 13-03-2024 *\/\n.elementor-heading-title{padding:0;margin:0;line-height:1}.elementor-widget-heading .elementor-heading-title[class*=elementor-size-]>a{color:inherit;font-size:inherit;line-height:inherit}.elementor-widget-heading .elementor-heading-title.elementor-size-small{font-size:15px}.elementor-widget-heading .elementor-heading-title.elementor-size-medium{font-size:19px}.elementor-widget-heading .elementor-heading-title.elementor-size-large{font-size:29px}.elementor-widget-heading .elementor-heading-title.elementor-size-xl{font-size:39px}.elementor-widget-heading .elementor-heading-title.elementor-size-xxl{font-size:59px}<\/style><h2 class=\"elementor-heading-title elementor-size-default\">Spsajans<\/h2>\t\t<\/div>\n\t\t\t\t<\/div>\n\t\t\t\t<div class=\"elementor-element elementor-element-67d76ab elementor-widget elementor-widget-heading\" data-id=\"67d76ab\" data-element_type=\"widget\" data-widget_type=\"heading.default\">\n\t\t\t\t<div class=\"elementor-widget-container\">\n\t\t\t<h1 class=\"elementor-heading-title elementor-size-default\">En Son Trendler, \u0130pu\u00e7lar\u0131 <br> ve Ba\u015far\u0131 Hikayeleri<\/h1>\t\t<\/div>\n\t\t\t\t<\/div>\n\t\t\t\t\t<\/div>\n\t\t<\/div>\n\t\t\t\t\t<\/div>\n\t\t<\/section>\n\t\t\t\t<section class=\"elementor-section elementor-top-section elementor-element elementor-element-6987337 elementor-section-boxed elementor-section-height-default elementor-section-height-default\" data-id=\"6987337\" data-element_type=\"section\">\n\t\t\t\t\t\t<div class=\"elementor-container elementor-column-gap-extended\">\n\t\t\t\t\t<div class=\"elementor-column elementor-col-100 elementor-top-column elementor-element elementor-element-c65574d\" data-id=\"c65574d\" data-element_type=\"column\">\n\t\t\t<div class=\"elementor-widget-wrap elementor-element-populated\">\n\t\t\t\t\t\t<div class=\"elementor-element elementor-element-a5657fb elementor-widget elementor-widget-ms_posts\" data-id=\"a5657fb\" data-element_type=\"widget\" data-widget_type=\"ms_posts.default\">\n\t\t\t\t<div class=\"elementor-widget-container\">\n\t\t\t\t\t\r\n\t\t<div class=\"ms-posts--wrap\">\r\n\t\t\t<div class=\"row ms-posts--card\" id=\"a5657fb\" data-order=\"\">\r\n\r\n\t\t\t\t\t\r\n\r\n\t\t\t\t\t\t\r\n<article id=\"post-3292\" class=\"grid-item col-sm-12 col-md-6 col-lg-4 post-3292 post type-post status-publish format-standard has-post-thumbnail hentry category-genel\">\r\n\r\n          <a href=\"https:\/\/spsajans.com\/yenidemo\/cpanelden-to-directadmin-manuel-yol-duzenleme\/\" aria-label=\"cPanel&#8217;den to DirectAdmin Manuel Yol D\u00fczenleme\">\r\n        <figure class=\"media-wrapper media-wrapper--4:3\">\r\n          <img decoding=\"async\" src=\"https:\/\/spsajans.com\/yenidemo\/wp-content\/uploads\/2024\/03\/cpanel-to-directadmin-menuel-tasima.png\" alt=\"cPanel&#8217;den to DirectAdmin Manuel Yol D\u00fczenleme\">\r\n        <\/figure>\r\n              <\/a>\r\n    \r\n    <div class=\"post-meta-cont\">\r\n\r\n      <div class=\"post-header\">\r\n                <div class=\"post-category\"><ul class=\"post-categories\">\n\t<li><a href=\"https:\/\/spsajans.com\/yenidemo\/category\/genel\/\" rel=\"category tag\">Genel<\/a><\/li><\/ul><\/div>\r\n      <\/div>\r\n\r\n      <a href=\"https:\/\/spsajans.com\/yenidemo\/cpanelden-to-directadmin-manuel-yol-duzenleme\/\" aria-label=\"cPanel&#8217;den to DirectAdmin Manuel Yol D\u00fczenleme\">\r\n        <h3>cPanel&#8217;den to DirectAdmin Manuel Yol D\u00fczenleme<\/h3>\r\n      <\/a>\r\n      \r\n              <p class=\"post-excerpt\">cPanel&#8217;den to DirectAdmin&#8217;e ge\u00e7i\u015flerde bazen hosting fimlar\u0131nda wordpress uygulamalar\u0131 e...<\/p>            \r\n      <div class=\"post-meta-footer\">\r\n        <span class=\"post-footer--author\">\r\n          <img decoding=\"async\" src=\"https:\/\/secure.gravatar.com\/avatar\/5d5dc0549a51b784007051de8eea7124c5821614670647214a621aa051fb30f1?s=45&d=mm&r=g\" alt=\"admin\">\r\n          <div class=\"post-meta__info\">\r\n            <span class=\"post-meta__author\">admin<\/span>\r\n            <div class=\"card__footer\">\r\n              <span class=\"post-meta__date\">Mar 15, 2024<\/span>\r\n              <span class=\"ms-p--ttr\">1 min read<\/span>\r\n            <\/div>\r\n          <\/div>\r\n        <\/span>\r\n      <\/div>\r\n    <\/div>\r\n<\/article>\r\n\r\n\t\t\t\t\t\r\n\r\n\t\t\t\t\t\t\r\n<article id=\"post-3290\" class=\"grid-item col-sm-12 col-md-6 col-lg-4 post-3290 post type-post status-publish format-standard has-post-thumbnail hentry category-genel category-seo\">\r\n\r\n          <a href=\"https:\/\/spsajans.com\/yenidemo\/seo-arama-motoru-optimizasyonu\/\" aria-label=\"SEO, \u201cArama Motoru Optimizasyonu\u201d\">\r\n        <figure class=\"media-wrapper media-wrapper--4:3\">\r\n          <img decoding=\"async\" src=\"https:\/\/spsajans.com\/yenidemo\/wp-content\/uploads\/2024\/03\/ankara-seo-1.jpg\" alt=\"SEO, \u201cArama Motoru Optimizasyonu\u201d\">\r\n        <\/figure>\r\n              <\/a>\r\n    \r\n    <div class=\"post-meta-cont\">\r\n\r\n      <div class=\"post-header\">\r\n                <div class=\"post-category\"><ul class=\"post-categories\">\n\t<li><a href=\"https:\/\/spsajans.com\/yenidemo\/category\/genel\/\" rel=\"category tag\">Genel<\/a><\/li>\n\t<li><a href=\"https:\/\/spsajans.com\/yenidemo\/category\/seo\/\" rel=\"category tag\">Seo<\/a><\/li><\/ul><\/div>\r\n      <\/div>\r\n\r\n      <a href=\"https:\/\/spsajans.com\/yenidemo\/seo-arama-motoru-optimizasyonu\/\" aria-label=\"SEO, \u201cArama Motoru Optimizasyonu\u201d\">\r\n        <h3>SEO, \u201cArama Motoru Optimizasyonu\u201d<\/h3>\r\n      <\/a>\r\n      \r\n              <p class=\"post-excerpt\">SEO, \u201cArama Motoru Optimizasyonu\u201d anlam\u0131na gelir. SEO\u2019nun amac\u0131, insanlar i\u015fletmenizle ilgili \u00fcr\u00fcn v...<\/p>            \r\n      <div class=\"post-meta-footer\">\r\n        <span class=\"post-footer--author\">\r\n          <img decoding=\"async\" src=\"https:\/\/secure.gravatar.com\/avatar\/5d5dc0549a51b784007051de8eea7124c5821614670647214a621aa051fb30f1?s=45&d=mm&r=g\" alt=\"admin\">\r\n          <div class=\"post-meta__info\">\r\n            <span class=\"post-meta__author\">admin<\/span>\r\n            <div class=\"card__footer\">\r\n              <span class=\"post-meta__date\">Mar 15, 2024<\/span>\r\n              <span class=\"ms-p--ttr\">3 min read<\/span>\r\n            <\/div>\r\n          <\/div>\r\n        <\/span>\r\n      <\/div>\r\n    <\/div>\r\n<\/article>\r\n\r\n\t\t\t\t\t\r\n\r\n\t\t\t\t\t\t\r\n<article id=\"post-3289\" class=\"grid-item col-sm-12 col-md-6 col-lg-4 post-3289 post type-post status-publish format-standard has-post-thumbnail hentry category-genel category-wordpress\">\r\n\r\n          <a href=\"https:\/\/spsajans.com\/yenidemo\/wordpress-ceviri-problemi\/\" aria-label=\"WordPress \u00c7eviri Problemi\">\r\n        <figure class=\"media-wrapper media-wrapper--4:3\">\r\n          <img decoding=\"async\" src=\"https:\/\/spsajans.com\/yenidemo\/wp-content\/uploads\/2024\/03\/wordpress-ceviri-sorunu.jpg\" alt=\"WordPress \u00c7eviri Problemi\">\r\n        <\/figure>\r\n              <\/a>\r\n    \r\n    <div class=\"post-meta-cont\">\r\n\r\n      <div class=\"post-header\">\r\n                <div class=\"post-category\"><ul class=\"post-categories\">\n\t<li><a href=\"https:\/\/spsajans.com\/yenidemo\/category\/genel\/\" rel=\"category tag\">Genel<\/a><\/li>\n\t<li><a href=\"https:\/\/spsajans.com\/yenidemo\/category\/wordpress\/\" rel=\"category tag\">WordPress<\/a><\/li><\/ul><\/div>\r\n      <\/div>\r\n\r\n      <a href=\"https:\/\/spsajans.com\/yenidemo\/wordpress-ceviri-problemi\/\" aria-label=\"WordPress \u00c7eviri Problemi\">\r\n        <h3>WordPress \u00c7eviri Problemi<\/h3>\r\n      <\/a>\r\n      \r\n              <p class=\"post-excerpt\">WordPress T\u00fcrk\u00e7e yapmak i\u00e7in bir \u00e7ok y\u00f6ntem vard\u0131r bu y\u00f6ntemlerden size k\u0131saca bahsedece\u011fim ama tema...<\/p>            \r\n      <div class=\"post-meta-footer\">\r\n        <span class=\"post-footer--author\">\r\n          <img decoding=\"async\" src=\"https:\/\/secure.gravatar.com\/avatar\/5d5dc0549a51b784007051de8eea7124c5821614670647214a621aa051fb30f1?s=45&d=mm&r=g\" alt=\"admin\">\r\n          <div class=\"post-meta__info\">\r\n            <span class=\"post-meta__author\">admin<\/span>\r\n            <div class=\"card__footer\">\r\n              <span class=\"post-meta__date\">Mar 15, 2024<\/span>\r\n              <span class=\"ms-p--ttr\">2 min read<\/span>\r\n            <\/div>\r\n          <\/div>\r\n        <\/span>\r\n      <\/div>\r\n    <\/div>\r\n<\/article>\r\n\r\n\t\t\t\t\t\r\n\r\n\t\t\t\t\t\t\r\n<article id=\"post-3288\" class=\"grid-item col-sm-12 col-md-6 col-lg-4 post-3288 post type-post status-publish format-standard has-post-thumbnail hentry category-genel\">\r\n\r\n          <a href=\"https:\/\/spsajans.com\/yenidemo\/inen-otomatik-resmi-acmayi-iptal-etme\/\" aria-label=\"\u0130nen Otomatik Resmi A\u00e7may\u0131 \u0130ptal Etme\">\r\n        <figure class=\"media-wrapper media-wrapper--4:3\">\r\n          <img decoding=\"async\" src=\"https:\/\/spsajans.com\/yenidemo\/wp-content\/uploads\/2024\/03\/resimler-otomatik-acilma.jpg\" alt=\"\u0130nen Otomatik Resmi A\u00e7may\u0131 \u0130ptal Etme\">\r\n        <\/figure>\r\n              <\/a>\r\n    \r\n    <div class=\"post-meta-cont\">\r\n\r\n      <div class=\"post-header\">\r\n                <div class=\"post-category\"><ul class=\"post-categories\">\n\t<li><a href=\"https:\/\/spsajans.com\/yenidemo\/category\/genel\/\" rel=\"category tag\">Genel<\/a><\/li><\/ul><\/div>\r\n      <\/div>\r\n\r\n      <a href=\"https:\/\/spsajans.com\/yenidemo\/inen-otomatik-resmi-acmayi-iptal-etme\/\" aria-label=\"\u0130nen Otomatik Resmi A\u00e7may\u0131 \u0130ptal Etme\">\r\n        <h3>\u0130nen Otomatik Resmi A\u00e7may\u0131 \u0130ptal Etme<\/h3>\r\n      <\/a>\r\n      \r\n              <p class=\"post-excerpt\">Bilgisayar\u0131n\u0131za inen resim otomatik a\u00e7\u0131l\u0131yorsa ve bu durumdan rahats\u0131z oluyorsan\u0131z tam yerind...<\/p>            \r\n      <div class=\"post-meta-footer\">\r\n        <span class=\"post-footer--author\">\r\n          <img decoding=\"async\" src=\"https:\/\/secure.gravatar.com\/avatar\/5d5dc0549a51b784007051de8eea7124c5821614670647214a621aa051fb30f1?s=45&d=mm&r=g\" alt=\"admin\">\r\n          <div class=\"post-meta__info\">\r\n            <span class=\"post-meta__author\">admin<\/span>\r\n            <div class=\"card__footer\">\r\n              <span class=\"post-meta__date\">Mar 15, 2024<\/span>\r\n              <span class=\"ms-p--ttr\">1 min read<\/span>\r\n            <\/div>\r\n          <\/div>\r\n        <\/span>\r\n      <\/div>\r\n    <\/div>\r\n<\/article>\r\n\r\n\t\t\t\t\t\r\n\r\n\t\t\t\t\t\t\r\n<article id=\"post-3287\" class=\"grid-item col-sm-12 col-md-6 col-lg-4 post-3287 post type-post status-publish format-standard has-post-thumbnail hentry category-genel category-wordpress tag-woocommerce-kategori-duzenleyiciye-metin-editoru-ekleme tag-wordpress-kategori-aciklmasina-metin-eitore-ekleme\">\r\n\r\n          <a href=\"https:\/\/spsajans.com\/yenidemo\/woocommerce-kategoriye-metin-duzenleyici-ekleme\/\" aria-label=\"Woocommerce Kategoriye Metin D\u00fczenleyici Ekleme\">\r\n        <figure class=\"media-wrapper media-wrapper--4:3\">\r\n          <img decoding=\"async\" src=\"https:\/\/spsajans.com\/yenidemo\/wp-content\/uploads\/2024\/03\/Basliksiz-1.jpg\" alt=\"Woocommerce Kategoriye Metin D\u00fczenleyici Ekleme\">\r\n        <\/figure>\r\n              <\/a>\r\n    \r\n    <div class=\"post-meta-cont\">\r\n\r\n      <div class=\"post-header\">\r\n                <div class=\"post-category\"><ul class=\"post-categories\">\n\t<li><a href=\"https:\/\/spsajans.com\/yenidemo\/category\/genel\/\" rel=\"category tag\">Genel<\/a><\/li>\n\t<li><a href=\"https:\/\/spsajans.com\/yenidemo\/category\/wordpress\/\" rel=\"category tag\">WordPress<\/a><\/li><\/ul><\/div>\r\n      <\/div>\r\n\r\n      <a href=\"https:\/\/spsajans.com\/yenidemo\/woocommerce-kategoriye-metin-duzenleyici-ekleme\/\" aria-label=\"Woocommerce Kategoriye Metin D\u00fczenleyici Ekleme\">\r\n        <h3>Woocommerce Kategoriye Metin D\u00fczenleyici Ekleme<\/h3>\r\n      <\/a>\r\n      \r\n              <p class=\"post-excerpt\">Arkada\u015flar merhaba bu olay\u0131 k\u0131sa yoldan nas\u0131l yapaca\u011f\u0131n\u0131z\u0131 ad\u0131m ad\u0131m anlataca\u011f\u0131m. \u0130lk ba\u015fta eklenti...<\/p>            \r\n      <div class=\"post-meta-footer\">\r\n        <span class=\"post-footer--author\">\r\n          <img decoding=\"async\" src=\"https:\/\/secure.gravatar.com\/avatar\/5d5dc0549a51b784007051de8eea7124c5821614670647214a621aa051fb30f1?s=45&d=mm&r=g\" alt=\"admin\">\r\n          <div class=\"post-meta__info\">\r\n            <span class=\"post-meta__author\">admin<\/span>\r\n            <div class=\"card__footer\">\r\n              <span class=\"post-meta__date\">Mar 15, 2024<\/span>\r\n              <span class=\"ms-p--ttr\">3 min read<\/span>\r\n            <\/div>\r\n          <\/div>\r\n        <\/span>\r\n      <\/div>\r\n    <\/div>\r\n<\/article>\r\n\r\n\t\t\t\t\t\r\n\r\n\t\t\t\t\t\t\r\n<article id=\"post-3285\" class=\"grid-item col-sm-12 col-md-6 col-lg-4 post-3285 post type-post status-publish format-standard has-post-thumbnail hentry category-genel category-wordpress\">\r\n\r\n          <a href=\"https:\/\/spsajans.com\/yenidemo\/wordpress-urun-kategolerinde-aciklama-gozukmesi\/\" aria-label=\"WordPress \u00dcr\u00fcn Kategolerinde A\u00e7\u0131klama G\u00f6z\u00fckmesi\">\r\n        <figure class=\"media-wrapper media-wrapper--4:3\">\r\n          <img decoding=\"async\" src=\"https:\/\/spsajans.com\/yenidemo\/wp-content\/uploads\/2024\/03\/Basliksiz-1.jpg\" alt=\"WordPress \u00dcr\u00fcn Kategolerinde A\u00e7\u0131klama G\u00f6z\u00fckmesi\">\r\n        <\/figure>\r\n              <\/a>\r\n    \r\n    <div class=\"post-meta-cont\">\r\n\r\n      <div class=\"post-header\">\r\n                <div class=\"post-category\"><ul class=\"post-categories\">\n\t<li><a href=\"https:\/\/spsajans.com\/yenidemo\/category\/genel\/\" rel=\"category tag\">Genel<\/a><\/li>\n\t<li><a href=\"https:\/\/spsajans.com\/yenidemo\/category\/wordpress\/\" rel=\"category tag\">WordPress<\/a><\/li><\/ul><\/div>\r\n      <\/div>\r\n\r\n      <a href=\"https:\/\/spsajans.com\/yenidemo\/wordpress-urun-kategolerinde-aciklama-gozukmesi\/\" aria-label=\"WordPress \u00dcr\u00fcn Kategolerinde A\u00e7\u0131klama G\u00f6z\u00fckmesi\">\r\n        <h3>WordPress \u00dcr\u00fcn Kategolerinde A\u00e7\u0131klama G\u00f6z\u00fckmesi<\/h3>\r\n      <\/a>\r\n      \r\n              <p class=\"post-excerpt\">&nbsp; WordPress woocommerce kategoleri ekleyip a\u00e7\u0131klamas\u0131n\u0131 yapt\u0131ktan sonra bu ac\u0131klaman\u0131n g\u00f6z\u00fckm...<\/p>            \r\n      <div class=\"post-meta-footer\">\r\n        <span class=\"post-footer--author\">\r\n          <img decoding=\"async\" src=\"https:\/\/secure.gravatar.com\/avatar\/5d5dc0549a51b784007051de8eea7124c5821614670647214a621aa051fb30f1?s=45&d=mm&r=g\" alt=\"admin\">\r\n          <div class=\"post-meta__info\">\r\n            <span class=\"post-meta__author\">admin<\/span>\r\n            <div class=\"card__footer\">\r\n              <span class=\"post-meta__date\">Mar 15, 2024<\/span>\r\n              <span class=\"ms-p--ttr\">2 min read<\/span>\r\n            <\/div>\r\n          <\/div>\r\n        <\/span>\r\n      <\/div>\r\n    <\/div>\r\n<\/article>\r\n\r\n\t\t\t\t\t\r\n\t\t            \t        \t\t\t\t\t\t\t\t\t\t\t<nav class=\"pagination\" aria-label=\"Pagination\"><ol class=\"pagination__list\">\n<li class=\"page-item active\"><a href=\"https:\/\/spsajans.com\/yenidemo\/wp-json\/wp\/v2\/pages\/148\/\" class=\"pagination__item\">1<\/a><\/li>\n<li class=\"display--sm\"><a href=\"https:\/\/spsajans.com\/yenidemo\/wp-json\/wp\/v2\/pages\/148\/page\/2\/\" class=\"pagination__item pagination__item--ellipsis\">2<\/a><\/li>\n<li class=\"page-item next\"><a href=\"https:\/\/spsajans.com\/yenidemo\/wp-json\/wp\/v2\/pages\/148\/page\/2\/\" >Next<\/a> <\/li>\n<\/ol><\/nav>\n\t\t            \t\t\t            \t\t\t<\/div>\r\n\t\t<\/div>\r\n\t\t\t\t<\/div>\n\t\t\t\t<\/div>\n\t\t\t\t\t<\/div>\n\t\t<\/div>\n\t\t\t\t\t<\/div>\n\t\t<\/section>\n\t\t\t\t<\/div>\n\t\t","protected":false},"excerpt":{"rendered":"<p>Spsajans En Son Trendler, \u0130pu\u00e7lar\u0131 ve Ba\u015far\u0131 Hikayeleri Genel cPanel&#8217;den to DirectAdmin Manuel Yol D\u00fczenleme cPanel&#8217;den to DirectAdmin&#8217;e ge\u00e7i\u015flerde bazen hosting fimlar\u0131nda wordpress uygulamalar\u0131 [&hellip;]<\/p>\n","protected":false},"author":1,"featured_media":0,"parent":0,"menu_order":0,"comment_status":"closed","ping_status":"closed","template":"page-custom.php","meta":{"_acf_changed":false,"inline_featured_image":false,"footnotes":""},"class_list":["post-148","page","type-page","status-publish","hentry"],"acf":{"full_width":false,"header_transparent":false,"header_white":false},"_links":{"self":[{"href":"https:\/\/spsajans.com\/yenidemo\/wp-json\/wp\/v2\/pages\/148","targetHints":{"allow":["GET"]}}],"collection":[{"href":"https:\/\/spsajans.com\/yenidemo\/wp-json\/wp\/v2\/pages"}],"about":[{"href":"https:\/\/spsajans.com\/yenidemo\/wp-json\/wp\/v2\/types\/page"}],"author":[{"embeddable":true,"href":"https:\/\/spsajans.com\/yenidemo\/wp-json\/wp\/v2\/users\/1"}],"replies":[{"embeddable":true,"href":"https:\/\/spsajans.com\/yenidemo\/wp-json\/wp\/v2\/comments?post=148"}],"version-history":[{"count":5,"href":"https:\/\/spsajans.com\/yenidemo\/wp-json\/wp\/v2\/pages\/148\/revisions"}],"predecessor-version":[{"id":3328,"href":"https:\/\/spsajans.com\/yenidemo\/wp-json\/wp\/v2\/pages\/148\/revisions\/3328"}],"wp:attachment":[{"href":"https:\/\/spsajans.com\/yenidemo\/wp-json\/wp\/v2\/media?parent=148"}],"curies":[{"name":"wp","href":"https:\/\/api.w.org\/{rel}","templated":true}]}}