{"id":2419,"date":"2022-10-27T16:19:17","date_gmt":"2022-10-27T16:19:17","guid":{"rendered":"https:\/\/theme.madsparrow.me\/most\/?page_id=2419"},"modified":"2024-03-17T13:17:57","modified_gmt":"2024-03-17T10:17:57","slug":"hizmetlerimiz","status":"publish","type":"page","link":"https:\/\/spsajans.com\/yenidemo\/hizmetlerimiz\/","title":{"rendered":"Hizmetlerimiz"},"content":{"rendered":"\t\t<div data-elementor-type=\"wp-page\" data-elementor-id=\"2419\" class=\"elementor elementor-2419\">\n\t\t\t\t\t\t<section class=\"elementor-section elementor-top-section elementor-element elementor-element-e6fbb07 elementor-section-full_width elementor-section-height-default elementor-section-height-default\" data-id=\"e6fbb07\" data-element_type=\"section\" data-settings=\"{&quot;background_background&quot;:&quot;slideshow&quot;,&quot;background_slideshow_gallery&quot;:[],&quot;background_slideshow_loop&quot;:&quot;yes&quot;,&quot;background_slideshow_slide_duration&quot;:5000,&quot;background_slideshow_slide_transition&quot;:&quot;fade&quot;,&quot;background_slideshow_transition_duration&quot;:500}\">\n\t\t\t\t\t\t<div class=\"elementor-container elementor-column-gap-no\">\n\t\t\t\t\t<div class=\"elementor-column elementor-col-100 elementor-top-column elementor-element elementor-element-eafc035\" data-id=\"eafc035\" data-element_type=\"column\">\n\t\t\t<div class=\"elementor-widget-wrap elementor-element-populated\">\n\t\t\t\t\t\t<div class=\"elementor-element elementor-element-ac9ae69 elementor-widget elementor-widget-ms-hero\" data-id=\"ac9ae69\" data-element_type=\"widget\" data-widget_type=\"ms-hero.default\">\n\t\t\t\t<div class=\"elementor-widget-container\">\n\t\t\t\r\n        <section class=\"ms-hero\" id=\"ac9ae69\">\r\n\r\n            \r\n                            <div class=\"ms-parallax\" data-speed=\"0.7\" data-type=\"scroll\">\r\n                                            <img decoding=\"async\" class=\"jarallax-img\" src=\"https:\/\/theme.madsparrow.me\/most\/wp-content\/uploads\/2022\/11\/stock-photo-1040234435.jpg\" alt=\"\">\r\n                                                        <\/div>\r\n            \r\n            \r\n                \r\n                    <div class=\"ms-hc\">\r\n                        <div class=\"ms-hc--inner\">\r\n                                                            <h1 class=\"ms-hero-title\">Hizmetlerimiz<\/h1>\r\n                                                                                        <p class=\"ms-hero-subtitle\">\u0130htiya\u00e7lar\u0131n\u0131z i\u00e7in buraday\u0131z!<\/p>\r\n                                                    <\/div>\r\n                    <\/div>\r\n\r\n                \r\n                \r\n            \r\n        <\/section>\r\n\r\n    \t\t<\/div>\n\t\t\t\t<\/div>\n\t\t\t\t<div class=\"elementor-element elementor-element-9823756 elementor-widget elementor-widget-spacer\" data-id=\"9823756\" data-element_type=\"widget\" data-widget_type=\"spacer.default\">\n\t\t\t\t<div class=\"elementor-widget-container\">\n\t\t\t<style>\/*! elementor - v3.20.0 - 13-03-2024 *\/\n.elementor-column .elementor-spacer-inner{height:var(--spacer-size)}.e-con{--container-widget-width:100%}.e-con-inner>.elementor-widget-spacer,.e-con>.elementor-widget-spacer{width:var(--container-widget-width,var(--spacer-size));--align-self:var(--container-widget-align-self,initial);--flex-shrink:0}.e-con-inner>.elementor-widget-spacer>.elementor-widget-container,.e-con>.elementor-widget-spacer>.elementor-widget-container{height:100%;width:100%}.e-con-inner>.elementor-widget-spacer>.elementor-widget-container>.elementor-spacer,.e-con>.elementor-widget-spacer>.elementor-widget-container>.elementor-spacer{height:100%}.e-con-inner>.elementor-widget-spacer>.elementor-widget-container>.elementor-spacer>.elementor-spacer-inner,.e-con>.elementor-widget-spacer>.elementor-widget-container>.elementor-spacer>.elementor-spacer-inner{height:var(--container-widget-height,var(--spacer-size))}.e-con-inner>.elementor-widget-spacer.elementor-widget-empty,.e-con>.elementor-widget-spacer.elementor-widget-empty{position:relative;min-height:22px;min-width:22px}.e-con-inner>.elementor-widget-spacer.elementor-widget-empty .elementor-widget-empty-icon,.e-con>.elementor-widget-spacer.elementor-widget-empty .elementor-widget-empty-icon{position:absolute;top:0;bottom:0;left:0;right:0;margin:auto;padding:0;width:22px;height:22px}<\/style>\t\t<div class=\"elementor-spacer\">\n\t\t\t<div class=\"elementor-spacer-inner\"><\/div>\n\t\t<\/div>\n\t\t\t\t<\/div>\n\t\t\t\t<\/div>\n\t\t\t\t\t<\/div>\n\t\t<\/div>\n\t\t\t\t\t<\/div>\n\t\t<\/section>\n\t\t\t\t<section class=\"elementor-section elementor-top-section elementor-element elementor-element-d68a50f elementor-section-boxed elementor-section-height-default elementor-section-height-default\" data-id=\"d68a50f\" data-element_type=\"section\">\n\t\t\t\t\t\t<div class=\"elementor-container elementor-column-gap-no\">\n\t\t\t\t\t<div class=\"elementor-column elementor-col-100 elementor-top-column elementor-element elementor-element-fb73872\" data-id=\"fb73872\" data-element_type=\"column\">\n\t\t\t<div class=\"elementor-widget-wrap elementor-element-populated\">\n\t\t\t\t\t\t<section class=\"elementor-section elementor-inner-section elementor-element elementor-element-1e69014 elementor-section-full_width elementor-section-height-default elementor-section-height-default\" data-id=\"1e69014\" data-element_type=\"section\">\n\t\t\t\t\t\t<div class=\"elementor-container elementor-column-gap-no\">\n\t\t\t\t\t<div class=\"elementor-column elementor-col-33 elementor-inner-column elementor-element elementor-element-016ec91\" data-id=\"016ec91\" data-element_type=\"column\">\n\t\t\t<div class=\"elementor-widget-wrap elementor-element-populated\">\n\t\t\t\t\t\t<div class=\"elementor-element elementor-element-4e6ca0a elementor-widget elementor-widget-services\" data-id=\"4e6ca0a\" data-element_type=\"widget\" data-widget_type=\"services.default\">\n\t\t\t\t<div class=\"elementor-widget-container\">\n\t\t\t        \r\n        <div class=\"ms-sb img-top\">\r\n\r\n            \r\n                <div class=\"ms-sb--img boxed\">\r\n                                            <a href=\"https:\/\/spsajans.com\/yenidemo\/web-tasarim-hizmetleri\/\">\r\n                            <img decoding=\"async\" width=\"32\" height=\"32\" src=\"https:\/\/spsajans.com\/yenidemo\/wp-content\/uploads\/2022\/10\/code-1.svg\" class=\"attachment-full size-full wp-image-935\" alt=\"\" \/>                        <\/a>\r\n                                    <\/div>\r\n\r\n            \r\n            <div class=\"ms-sb--inner\">\r\n                                    <h4 class=\"ms-sb--title\">\r\n                                                    <a href=\"https:\/\/spsajans.com\/yenidemo\/web-tasarim-hizmetleri\/\"><span>Web Tasar\u0131m Hizmetleri<\/span><\/a>\r\n                                            <\/h4>\r\n                                                    <p class=\"ms-sb--text\">Dijital varl\u0131\u011f\u0131n\u0131z\u0131 g\u00fc\u00e7lendirmek i\u00e7in profesyonel \u00e7\u00f6z\u00fcmler sunuyoruz.<\/p>\r\n                            <\/div>\r\n\r\n        <\/div>\r\n\r\n        \t\t<\/div>\n\t\t\t\t<\/div>\n\t\t\t\t\t<\/div>\n\t\t<\/div>\n\t\t\t\t<div class=\"elementor-column elementor-col-33 elementor-inner-column elementor-element elementor-element-d290653\" data-id=\"d290653\" data-element_type=\"column\">\n\t\t\t<div class=\"elementor-widget-wrap elementor-element-populated\">\n\t\t\t\t\t\t<div class=\"elementor-element elementor-element-74487fd elementor-widget elementor-widget-services\" data-id=\"74487fd\" data-element_type=\"widget\" data-widget_type=\"services.default\">\n\t\t\t\t<div class=\"elementor-widget-container\">\n\t\t\t        \r\n        <div class=\"ms-sb img-top\">\r\n\r\n            \r\n                <div class=\"ms-sb--img boxed\">\r\n                                            <a href=\"https:\/\/spsajans.com\/yenidemo\/icerik-yonetimi\/\">\r\n                            <img decoding=\"async\" width=\"32\" height=\"32\" src=\"https:\/\/spsajans.com\/yenidemo\/wp-content\/uploads\/2022\/10\/layer.svg\" class=\"attachment-full size-full wp-image-938\" alt=\"\" \/>                        <\/a>\r\n                                    <\/div>\r\n\r\n            \r\n            <div class=\"ms-sb--inner\">\r\n                                    <h4 class=\"ms-sb--title\">\r\n                                                    <a href=\"https:\/\/spsajans.com\/yenidemo\/icerik-yonetimi\/\"><span>\u0130\u00e7erik Y\u00f6netimi<\/span><\/a>\r\n                                            <\/h4>\r\n                                                    <p class=\"ms-sb--text\">Markan\u0131z\u0131n dijital i\u00e7eriklerini etkin bir \u015fekilde y\u00f6nettelim.<\/p>\r\n                            <\/div>\r\n\r\n        <\/div>\r\n\r\n        \t\t<\/div>\n\t\t\t\t<\/div>\n\t\t\t\t\t<\/div>\n\t\t<\/div>\n\t\t\t\t<div class=\"elementor-column elementor-col-33 elementor-inner-column elementor-element elementor-element-7770ffa\" data-id=\"7770ffa\" data-element_type=\"column\">\n\t\t\t<div class=\"elementor-widget-wrap elementor-element-populated\">\n\t\t\t\t\t\t<div class=\"elementor-element elementor-element-697fa0d elementor-widget elementor-widget-services\" data-id=\"697fa0d\" data-element_type=\"widget\" data-widget_type=\"services.default\">\n\t\t\t\t<div class=\"elementor-widget-container\">\n\t\t\t        \r\n        <div class=\"ms-sb img-top\">\r\n\r\n            \r\n                <div class=\"ms-sb--img boxed\">\r\n                                            <a href=\"https:\/\/spsajans.com\/yenidemo\/seo-hizmetleri\/\">\r\n                            <img decoding=\"async\" width=\"32\" height=\"32\" src=\"https:\/\/spsajans.com\/yenidemo\/wp-content\/uploads\/2022\/10\/code-2.svg\" class=\"attachment-full size-full wp-image-967\" alt=\"\" \/>                        <\/a>\r\n                                    <\/div>\r\n\r\n            \r\n            <div class=\"ms-sb--inner\">\r\n                                    <h4 class=\"ms-sb--title\">\r\n                                                    <a href=\"https:\/\/spsajans.com\/yenidemo\/seo-hizmetleri\/\"><span>Seo Hizmetleri<\/span><\/a>\r\n                                            <\/h4>\r\n                                                    <p class=\"ms-sb--text\">Arama motorlar\u0131nda daha g\u00f6r\u00fcn\u00fcr olun, daha fazla trafik \u00e7ekin.<\/p>\r\n                            <\/div>\r\n\r\n        <\/div>\r\n\r\n        \t\t<\/div>\n\t\t\t\t<\/div>\n\t\t\t\t\t<\/div>\n\t\t<\/div>\n\t\t\t\t\t<\/div>\n\t\t<\/section>\n\t\t\t\t<div class=\"elementor-element elementor-element-aa1bbde elementor-widget elementor-widget-spacer\" data-id=\"aa1bbde\" data-element_type=\"widget\" data-widget_type=\"spacer.default\">\n\t\t\t\t<div class=\"elementor-widget-container\">\n\t\t\t\t\t<div class=\"elementor-spacer\">\n\t\t\t<div class=\"elementor-spacer-inner\"><\/div>\n\t\t<\/div>\n\t\t\t\t<\/div>\n\t\t\t\t<\/div>\n\t\t\t\t<section class=\"elementor-section elementor-inner-section elementor-element elementor-element-1eb7388 elementor-section-full_width elementor-section-height-default elementor-section-height-default\" data-id=\"1eb7388\" data-element_type=\"section\">\n\t\t\t\t\t\t<div class=\"elementor-container elementor-column-gap-no\">\n\t\t\t\t\t<div class=\"elementor-column elementor-col-33 elementor-inner-column elementor-element elementor-element-a8df5c4\" data-id=\"a8df5c4\" data-element_type=\"column\">\n\t\t\t<div class=\"elementor-widget-wrap elementor-element-populated\">\n\t\t\t\t\t\t<div class=\"elementor-element elementor-element-11cd8d4 elementor-widget elementor-widget-services\" data-id=\"11cd8d4\" data-element_type=\"widget\" data-widget_type=\"services.default\">\n\t\t\t\t<div class=\"elementor-widget-container\">\n\t\t\t        \r\n        <div class=\"ms-sb img-top\">\r\n\r\n            \r\n                <div class=\"ms-sb--img boxed\">\r\n                                            <a href=\"https:\/\/spsajans.com\/yenidemo\/e-ticaret-yonetimi\/\">\r\n                            <img loading=\"lazy\" decoding=\"async\" width=\"32\" height=\"32\" src=\"https:\/\/spsajans.com\/yenidemo\/wp-content\/uploads\/2022\/10\/align-vertically.svg\" class=\"attachment-full size-full wp-image-933\" alt=\"\" \/>                        <\/a>\r\n                                    <\/div>\r\n\r\n            \r\n            <div class=\"ms-sb--inner\">\r\n                                    <h4 class=\"ms-sb--title\">\r\n                                                    <a href=\"https:\/\/spsajans.com\/yenidemo\/e-ticaret-yonetimi\/\"><span>E-Ticaret<\/span><\/a>\r\n                                            <\/h4>\r\n                                                    <p class=\"ms-sb--text\">Dijital d\u00fcnyada i\u015finizi b\u00fcy\u00fct\u00fcn, m\u00fc\u015fterilere her zaman ve her yerden ula\u015f\u0131n.<\/p>\r\n                            <\/div>\r\n\r\n        <\/div>\r\n\r\n        \t\t<\/div>\n\t\t\t\t<\/div>\n\t\t\t\t\t<\/div>\n\t\t<\/div>\n\t\t\t\t<div class=\"elementor-column elementor-col-33 elementor-inner-column elementor-element elementor-element-648ed9b\" data-id=\"648ed9b\" data-element_type=\"column\">\n\t\t\t<div class=\"elementor-widget-wrap elementor-element-populated\">\n\t\t\t\t\t\t<div class=\"elementor-element elementor-element-0354c0e elementor-widget elementor-widget-services\" data-id=\"0354c0e\" data-element_type=\"widget\" data-widget_type=\"services.default\">\n\t\t\t\t<div class=\"elementor-widget-container\">\n\t\t\t        \r\n        <div class=\"ms-sb img-top\">\r\n\r\n            \r\n                <div class=\"ms-sb--img boxed\">\r\n                                            <a href=\"https:\/\/spsajans.com\/yenidemo\/sosyal-medya-pazarlamasi\/\">\r\n                            <img loading=\"lazy\" decoding=\"async\" width=\"32\" height=\"32\" src=\"https:\/\/spsajans.com\/yenidemo\/wp-content\/uploads\/2022\/10\/camera.svg\" class=\"attachment-full size-full wp-image-937\" alt=\"\" \/>                        <\/a>\r\n                                    <\/div>\r\n\r\n            \r\n            <div class=\"ms-sb--inner\">\r\n                                    <h4 class=\"ms-sb--title\">\r\n                                                    <a href=\"https:\/\/spsajans.com\/yenidemo\/sosyal-medya-pazarlamasi\/\"><span>Sosyal Medya Pazarlamas\u0131<\/span><\/a>\r\n                                            <\/h4>\r\n                                                    <p class=\"ms-sb--text\">Markan\u0131z\u0131 g\u00fc\u00e7lendirin, hedef kitlenizi etkileyin ve \u00e7evrimi\u00e7i varl\u0131\u011f\u0131n\u0131z\u0131 b\u00fcy\u00fct\u00fcn.<\/p>\r\n                            <\/div>\r\n\r\n        <\/div>\r\n\r\n        \t\t<\/div>\n\t\t\t\t<\/div>\n\t\t\t\t\t<\/div>\n\t\t<\/div>\n\t\t\t\t<div class=\"elementor-column elementor-col-33 elementor-inner-column elementor-element elementor-element-2160a68\" data-id=\"2160a68\" data-element_type=\"column\">\n\t\t\t<div class=\"elementor-widget-wrap elementor-element-populated\">\n\t\t\t\t\t\t<div class=\"elementor-element elementor-element-dff01df elementor-widget elementor-widget-services\" data-id=\"dff01df\" data-element_type=\"widget\" data-widget_type=\"services.default\">\n\t\t\t\t<div class=\"elementor-widget-container\">\n\t\t\t        \r\n        <div class=\"ms-sb img-top\">\r\n\r\n            \r\n                <div class=\"ms-sb--img boxed\">\r\n                                            <a href=\"https:\/\/spsajans.com\/yenidemo\/google-harita-kaydi\/\">\r\n                            <img loading=\"lazy\" decoding=\"async\" width=\"32\" height=\"32\" src=\"https:\/\/spsajans.com\/yenidemo\/wp-content\/uploads\/2022\/10\/video-play.svg\" class=\"attachment-full size-full wp-image-936\" alt=\"\" \/>                        <\/a>\r\n                                    <\/div>\r\n\r\n            \r\n            <div class=\"ms-sb--inner\">\r\n                                    <h4 class=\"ms-sb--title\">\r\n                                                    <a href=\"https:\/\/spsajans.com\/yenidemo\/google-harita-kaydi\/\"><span>Google Harita Kayd\u0131<\/span><\/a>\r\n                                            <\/h4>\r\n                                                    <p class=\"ms-sb--text\">\u0130\u015fletmenizi \u00e7evrimi\u00e7i olarak haritada g\u00f6r\u00fcn\u00fcr k\u0131l\u0131n, yerel m\u00fc\u015fterilere kolayl\u0131kla ula\u015f\u0131n.<\/p>\r\n                            <\/div>\r\n\r\n        <\/div>\r\n\r\n        \t\t<\/div>\n\t\t\t\t<\/div>\n\t\t\t\t\t<\/div>\n\t\t<\/div>\n\t\t\t\t\t<\/div>\n\t\t<\/section>\n\t\t\t\t<div class=\"elementor-element elementor-element-1d5ec5c elementor-widget elementor-widget-spacer\" data-id=\"1d5ec5c\" data-element_type=\"widget\" data-widget_type=\"spacer.default\">\n\t\t\t\t<div class=\"elementor-widget-container\">\n\t\t\t\t\t<div class=\"elementor-spacer\">\n\t\t\t<div class=\"elementor-spacer-inner\"><\/div>\n\t\t<\/div>\n\t\t\t\t<\/div>\n\t\t\t\t<\/div>\n\t\t\t\t<section class=\"elementor-section elementor-inner-section elementor-element elementor-element-692efde elementor-section-full_width elementor-section-height-default elementor-section-height-default\" data-id=\"692efde\" data-element_type=\"section\">\n\t\t\t\t\t\t<div class=\"elementor-container elementor-column-gap-no\">\n\t\t\t\t\t<div class=\"elementor-column elementor-col-33 elementor-inner-column elementor-element elementor-element-80c8385\" data-id=\"80c8385\" data-element_type=\"column\">\n\t\t\t<div class=\"elementor-widget-wrap elementor-element-populated\">\n\t\t\t\t\t\t<div class=\"elementor-element elementor-element-4e95dd8 elementor-widget elementor-widget-services\" data-id=\"4e95dd8\" data-element_type=\"widget\" data-widget_type=\"services.default\">\n\t\t\t\t<div class=\"elementor-widget-container\">\n\t\t\t        \r\n        <div class=\"ms-sb img-top\">\r\n\r\n            \r\n                <div class=\"ms-sb--img boxed\">\r\n                                            <a href=\"https:\/\/spsajans.com\/yenidemo\/google-reklam\/\">\r\n                            <img decoding=\"async\" width=\"32\" height=\"32\" src=\"https:\/\/spsajans.com\/yenidemo\/wp-content\/uploads\/2022\/10\/layer.svg\" class=\"attachment-full size-full wp-image-938\" alt=\"\" \/>                        <\/a>\r\n                                    <\/div>\r\n\r\n            \r\n            <div class=\"ms-sb--inner\">\r\n                                    <h4 class=\"ms-sb--title\">\r\n                                                    <a href=\"https:\/\/spsajans.com\/yenidemo\/google-reklam\/\"><span>Google Reklam<\/span><\/a>\r\n                                            <\/h4>\r\n                                                    <p class=\"ms-sb--text\">Hedef kitlenize do\u011frudan eri\u015fin, markan\u0131z\u0131 geni\u015f kitlelere tan\u0131t\u0131n ve sat\u0131\u015flar\u0131 art\u0131r\u0131n<\/p>\r\n                            <\/div>\r\n\r\n        <\/div>\r\n\r\n        \t\t<\/div>\n\t\t\t\t<\/div>\n\t\t\t\t\t<\/div>\n\t\t<\/div>\n\t\t\t\t<div class=\"elementor-column elementor-col-33 elementor-inner-column elementor-element elementor-element-fbfb346\" data-id=\"fbfb346\" data-element_type=\"column\">\n\t\t\t<div class=\"elementor-widget-wrap elementor-element-populated\">\n\t\t\t\t\t\t<div class=\"elementor-element elementor-element-c63dcee elementor-widget elementor-widget-services\" data-id=\"c63dcee\" data-element_type=\"widget\" data-widget_type=\"services.default\">\n\t\t\t\t<div class=\"elementor-widget-container\">\n\t\t\t        \r\n        <div class=\"ms-sb img-top\">\r\n\r\n            \r\n                <div class=\"ms-sb--img boxed\">\r\n                                            <a href=\"https:\/\/spsajans.com\/yenidemo\/sosyal-medya-reklamlari\/\">\r\n                            <img decoding=\"async\" width=\"32\" height=\"32\" src=\"https:\/\/spsajans.com\/yenidemo\/wp-content\/uploads\/2022\/10\/code-2.svg\" class=\"attachment-full size-full wp-image-967\" alt=\"\" \/>                        <\/a>\r\n                                    <\/div>\r\n\r\n            \r\n            <div class=\"ms-sb--inner\">\r\n                                    <h4 class=\"ms-sb--title\">\r\n                                                    <a href=\"https:\/\/spsajans.com\/yenidemo\/sosyal-medya-reklamlari\/\"><span>Sosyal Medya Reklamlar\u0131<\/span><\/a>\r\n                                            <\/h4>\r\n                                                    <p class=\"ms-sb--text\">Markan\u0131z\u0131 \u00f6ne \u00e7\u0131kar\u0131n ve etkili pazarlama stratejileriyle sat\u0131\u015flar\u0131 art\u0131r\u0131n.<\/p>\r\n                            <\/div>\r\n\r\n        <\/div>\r\n\r\n        \t\t<\/div>\n\t\t\t\t<\/div>\n\t\t\t\t\t<\/div>\n\t\t<\/div>\n\t\t\t\t<div class=\"elementor-column elementor-col-33 elementor-inner-column elementor-element elementor-element-a0d9f8e\" data-id=\"a0d9f8e\" data-element_type=\"column\">\n\t\t\t<div class=\"elementor-widget-wrap elementor-element-populated\">\n\t\t\t\t\t\t<div class=\"elementor-element elementor-element-0b0f578 elementor-widget elementor-widget-services\" data-id=\"0b0f578\" data-element_type=\"widget\" data-widget_type=\"services.default\">\n\t\t\t\t<div class=\"elementor-widget-container\">\n\t\t\t        \r\n        <div class=\"ms-sb img-top\">\r\n\r\n            \r\n                <div class=\"ms-sb--img boxed\">\r\n                                            <a href=\"https:\/\/spsajans.com\/yenidemo\/logo-tasarimi\/\">\r\n                            <img decoding=\"async\" width=\"32\" height=\"32\" src=\"https:\/\/spsajans.com\/yenidemo\/wp-content\/uploads\/2022\/10\/code-1.svg\" class=\"attachment-full size-full wp-image-935\" alt=\"\" \/>                        <\/a>\r\n                                    <\/div>\r\n\r\n            \r\n            <div class=\"ms-sb--inner\">\r\n                                    <h4 class=\"ms-sb--title\">\r\n                                                    <a href=\"https:\/\/spsajans.com\/yenidemo\/logo-tasarimi\/\"><span>Logo<\/span><\/a>\r\n                                            <\/h4>\r\n                                                    <p class=\"ms-sb--text\">Markan\u0131z\u0131n kimli\u011fini yans\u0131tan, dikkat \u00e7ekici ve \u00f6zg\u00fcn tasar\u0131mlarla \u00f6ne \u00e7\u0131k\u0131n.<\/p>\r\n                            <\/div>\r\n\r\n        <\/div>\r\n\r\n        \t\t<\/div>\n\t\t\t\t<\/div>\n\t\t\t\t\t<\/div>\n\t\t<\/div>\n\t\t\t\t\t<\/div>\n\t\t<\/section>\n\t\t\t\t<div class=\"elementor-element elementor-element-2b0ce7d elementor-widget elementor-widget-spacer\" data-id=\"2b0ce7d\" data-element_type=\"widget\" data-widget_type=\"spacer.default\">\n\t\t\t\t<div class=\"elementor-widget-container\">\n\t\t\t\t\t<div class=\"elementor-spacer\">\n\t\t\t<div class=\"elementor-spacer-inner\"><\/div>\n\t\t<\/div>\n\t\t\t\t<\/div>\n\t\t\t\t<\/div>\n\t\t\t\t<div class=\"elementor-element elementor-element-ac3c0c7 elementor-widget elementor-widget-spacer\" data-id=\"ac3c0c7\" data-element_type=\"widget\" data-widget_type=\"spacer.default\">\n\t\t\t\t<div class=\"elementor-widget-container\">\n\t\t\t\t\t<div class=\"elementor-spacer\">\n\t\t\t<div class=\"elementor-spacer-inner\"><\/div>\n\t\t<\/div>\n\t\t\t\t<\/div>\n\t\t\t\t<\/div>\n\t\t\t\t\t<\/div>\n\t\t<\/div>\n\t\t\t\t\t<\/div>\n\t\t<\/section>\n\t\t\t\t<\/div>\n\t\t","protected":false},"excerpt":{"rendered":"<p>Hizmetlerimiz \u0130htiya\u00e7lar\u0131n\u0131z i\u00e7in buraday\u0131z! Web Tasar\u0131m Hizmetleri Dijital varl\u0131\u011f\u0131n\u0131z\u0131 g\u00fc\u00e7lendirmek i\u00e7in profesyonel \u00e7\u00f6z\u00fcmler sunuyoruz. \u0130\u00e7erik Y\u00f6netimi Markan\u0131z\u0131n dijital i\u00e7eriklerini etkin bir \u015fekilde y\u00f6nettelim. Seo [&hellip;]<\/p>\n","protected":false},"author":1,"featured_media":0,"parent":0,"menu_order":0,"comment_status":"closed","ping_status":"closed","template":"page-custom.php","meta":{"_acf_changed":false,"inline_featured_image":false,"footnotes":""},"class_list":["post-2419","page","type-page","status-publish","hentry"],"acf":{"full_width":false,"header_transparent":false,"header_white":false},"_links":{"self":[{"href":"https:\/\/spsajans.com\/yenidemo\/wp-json\/wp\/v2\/pages\/2419","targetHints":{"allow":["GET"]}}],"collection":[{"href":"https:\/\/spsajans.com\/yenidemo\/wp-json\/wp\/v2\/pages"}],"about":[{"href":"https:\/\/spsajans.com\/yenidemo\/wp-json\/wp\/v2\/types\/page"}],"author":[{"embeddable":true,"href":"https:\/\/spsajans.com\/yenidemo\/wp-json\/wp\/v2\/users\/1"}],"replies":[{"embeddable":true,"href":"https:\/\/spsajans.com\/yenidemo\/wp-json\/wp\/v2\/comments?post=2419"}],"version-history":[{"count":44,"href":"https:\/\/spsajans.com\/yenidemo\/wp-json\/wp\/v2\/pages\/2419\/revisions"}],"predecessor-version":[{"id":3586,"href":"https:\/\/spsajans.com\/yenidemo\/wp-json\/wp\/v2\/pages\/2419\/revisions\/3586"}],"wp:attachment":[{"href":"https:\/\/spsajans.com\/yenidemo\/wp-json\/wp\/v2\/media?parent=2419"}],"curies":[{"name":"wp","href":"https:\/\/api.w.org\/{rel}","templated":true}]}}